{"id":114,"date":"2015-02-02T20:58:10","date_gmt":"2015-02-02T20:58:10","guid":{"rendered":"http:\/\/katharinacrepaz.com\/?page_id=114"},"modified":"2023-05-09T17:21:50","modified_gmt":"2023-05-09T17:21:50","slug":"conference-presentations","status":"publish","type":"page","link":"https:\/\/katharinacrepaz.com\/?page_id=114","title":{"rendered":"Conferences"},"content":{"rendered":"\n<h4 class=\"wp-block-heading\">Conference presentations<\/h4>\n\n\n\n<figure class=\"wp-block-table\"><table><tbody><tr><td>2023<\/td><td><strong>&#8220;Zum Spannungsverh\u00e4ltnis von Diversit\u00e4t, Partizipation und Gesundheit in l\u00e4ndlichen R\u00e4umen&#8221;.<\/strong> Fachsitzung<em> Lokal-gemeinschaftliche Public-Health-Initiativen in l\u00e4ndlichen R\u00e4umen<\/em>, Deutscher Kongress f\u00fcr Geographie, 19-23 September 2023, Frankfurt am Main.<\/td><\/tr><tr><td>2023<\/td><td><strong>\u00a0<\/strong>&#8220;<strong>Partizipation als Voraussetzung f\u00fcr eine inklusive Gesellschaft?\u201c<\/strong>, Brixner Philosophietage <em>Wie kann Politik gelingen? Politisches Engagement zwischen Partizipation und Agitation<\/em>, 08-09 September 2023, Brixen.<\/td><\/tr><tr><td>2023<\/td><td><strong>&#8220;Social Media and Alternatives to Hegemonic Gender Discourses: Italian Feminist and LGBTQIA+ Content Creators on TikTok&#8221;.<\/strong> <em>DNC5ALED: Discourses and their impacts on a world of multiple crises,<\/em> 25-28 July 2023, Valencia.<\/td><\/tr><tr><td>2023<\/td><td>&#8220;<strong>Social Media im Spannungsfeld zwischen hegemonialen und diversit\u00e4tssensiblen Genderdiskursen<\/strong>&#8220;. \u00d6GS Kongress 2023 <em>Kritische Zeiten<\/em>, 03-05 July 2023, Vienna.<\/td><\/tr><tr><td>2023<\/td><td><strong>&#8220;Social Media and Alternatives to Hegemonic Gender Discourses: Italian Feminist and LGBTQIA+ Content Creators on TikTok&#8221;<\/strong>. Workshop <em>Excluded Spaces: Gender, identity and inequalities<\/em>, 8 June 2023, Tarragona\/ online.<\/td><\/tr><tr><td>2023<\/td><td><strong>&#8220;Separatism, Nationalism and Gendered Online Radicalization in Italy&#8221;<\/strong>, PSA Annual Conference 2023 <em>Political Futures<\/em>, 3-5 April 2023, Liverpool\/online.<\/td><\/tr><tr><td>2022<\/td><td><strong>&#8220;Local Inclusion of &#8216;New&#8217; Minorities in &#8216;Old&#8217; Minority Contexts&#8221;<\/strong>, PSA Annual Conference 2022 <em>Politics from the Margins<\/em>, April 11-13 2022, York\/online.<\/td><\/tr><tr><td>2021<\/td><td><strong> &#8220;Different Types of Diversity, Similar Claims? A Regional Comparison of &#8216;old&#8217; and &#8216;new&#8217; Minorities&#8221;, <\/strong>\u00d6GPW Tag der Politikwissenschaft 2021, 25-16 November 2021, online.<strong><br><\/strong><\/td><\/tr><tr><td>2021<\/td><td><strong>&#8220;Diversity-Related Research in Times of Covid-19: Moving a Mixed Methods Project Online&#8221;, <\/strong>\u00d6GPW Tag der Politikwissenschaft 2021, 25-16 November 2021, online.<\/td><\/tr><tr><td>&nbsp;<\/td><td><strong>&#8220;Old&#8221; and &#8220;new&#8221; minorities &#8211; Regional perspectives, synergies and differences. <\/strong>MinMig Concluding Expert Workshop, 04 November 2021, Bolzano\/online.<\/td><\/tr><tr><td>2021<\/td><td><strong> &#8220;Different Types of Diversity, Similar Claims? A Regional Comparison of &#8216;old&#8217; and &#8216;new&#8217; Minorities&#8221; <\/strong>UACES Annual Conference, 6-8 September 2021, online.<strong><br><\/strong><\/td><\/tr><tr><td>2021 (with Andreas Dibiasi, Mirjam Gruber, Max Walder)<\/td><td><strong>&#8220;Brexit and Covid-19: A Comparative Analysis of Political Polarization in UK<br>Newspapers Using a Long Short-Term Memory Recurring Neural Network (LSTM)&#8221;<br><\/strong>DVPW Kongress 2021 &#8220;Politik in Zeiten von Unsicherheit und Autokratisierung&#8221;, 14-16 September<br>2021, online.<\/td><\/tr><tr><td>2021<\/td><td><strong>&#8220;Diversity-Related Research in Times of Covid-19: Moving a Mixed Methods Project<br>Online&#8221;<br><\/strong>ECPR General Conference 2021, 30 August \u2013 03 September 2021, online.<\/td><\/tr><tr><td>2021<\/td><td><strong>&#8220;Different Types of Diversity, Similar Claims? A Regional Comparison of &#8216;old&#8217; and<br>&#8216;new&#8217; Minorities&#8221;<br><\/strong>ECPR General Conference 2021, 30 August \u2013 03 September 2021, online.<\/td><\/tr><tr><td>2021<\/td><td><strong>&#8220;Corona-Krise als Chance? Soziale Innovation, Transformation und die Aufwertung<br>l\u00e4ndlicher Wohn- und Lebensr\u00e4ume am Fallbeispiel S\u00fcdtirol&#8221;<br><\/strong>DGS\/\u00d6GS Kongress 2021 &#8220;Post-Corona Gesellschaft? Pandemie, Krise und ihre Folgen&#8221;, August<br>23-25, 2021 online.<\/td><\/tr><tr><td>2021<\/td><td><strong>&nbsp;\u201cDiversity Governance in Public Discourse: The Case of Migrant Organizations\u201c. <\/strong>26th IPSA World Congress of Political Science &#8220;New Nationalisms in an Open World&#8221;, July 10-14, 2021, online.<\/td><\/tr><tr><td>2021<\/td><td><strong>&#8220;The &#8216;Regionalization&#8217; of &#8216;Old&#8217; and &#8216;New&#8217; Minority Identities&#8221;.<\/strong>CES 27th International Conference of Europeanists &#8220;Europe\u2019s Past, Present, and Future: Utopias and Dystopias&#8221;, University of Iceland, Reykjavik, online, June 21-25, 2021.<\/td><\/tr><tr><td>2021<\/td><td><strong>&#8220;The Minority Safepack Saga&#8221;. <\/strong>Workshop &#8216;Social Movements and Minority Rights'&#8221;<br>ECMI, Mai 20-21 2021, online.<\/td><\/tr><tr><td>2019<\/td><td><strong>\u201cFraming of Diversity Issues in Public Discourse and Electoral Campaigns: Migration and Disability Compared\u201c.<\/strong> Conference \u201c20 Years of Degree Programme in Social Work: Awakening, Continuity and Change\u201c, Free University of Bozen\/Bolzano, November 21-22, 2019.<\/td><\/tr><tr><td>2019<\/td><td><strong>\u201cBehinderung, Selbst-Identifikation und (neue?) Formen politischer Partizipation\u201c.<\/strong> 1. Kongress der Teilhabeforschung, September 26-27 2019, Berlin.<\/td><\/tr><tr><td>2019<\/td><td><strong>\u201cDisability and (new?) Possibilities for Political Participation in Regions\u201c.<\/strong> 8th Annual ALTER Conference \u201cHistories, Practices and Policies of Disability: International, Comparative and Transdisciplinary Perspectives\u201d,&nbsp; September 5-6 2019, Cologne.<\/td><\/tr><tr><td>2019 (with Katharina Kreissl)<\/td><td><strong>\u201cEmpowerment of female migrants through self-organized network structures \u2013 best practice models from Bavaria\u201c.<\/strong> Fachtagung und wissenschaftliches Vernetzungstreffen der Diversity-Forschenden aus Deutschland, \u00d6sterreich und der Schweiz \u201cVon Diversity-Management zu Diversity &amp; Inclusion?\u201c, August 26-27 2019, St. Gallen.<\/td><\/tr><tr><td>2019<\/td><td><strong>\u201cBetween Consolidated Autonomy and Separatist Claims: a European Perspective on Present-Day South Tyrol\u201c.<\/strong> IPSA Diversity and Democratic Governance: Legacies of the Past, Present Challenges, and Future Directions? University of Sarajevo, Juni 12-15 2019, Sarajevo.<\/td><\/tr><tr><td>2019<\/td><td><strong>\u201c&#8217;United in Diversity&#8217;\u201d in Regions: Ensuring Diversity Representation through Political Participation?\u201d<\/strong> European Union Studies Association (EUSA) International Biennial Conference, 2019, Mai 09-12, Denver.<\/td><\/tr><tr><td>2019<\/td><td><strong>\u201c(New Forms of) Political Participation in Regional Diversity Contexts: Challenges and Opportunities\u201c<\/strong> PSA 69th Annual International Conference (Un)Sustainable Politics in a Changing World, Nottingham Trent University, April 15-17, Nottingham.<\/td><\/tr><tr><td>2019<\/td><td><strong>\u201cDiversity and (new?) Forms of Participation in Regions\u201c DVPW-Tagung \u201cGovernance of Big Transformations\u201c<\/strong>, TUM School of Governance, March 21-23 2019, Munich.<\/td><\/tr><tr><td>2018<\/td><td><strong>\u201cPolitische Partizipation in regionalen Diversit\u00e4tskontexten\u201c.<\/strong> \u00d6GPW Tag der Politikwissenschaft, University of Innsbruck, 29-30 November 2018, Innsbruck.<\/td><\/tr><tr><td>2018<\/td><td><strong>\u201cDiversit\u00e4t und politische Partizipation auf regionaler Ebene: Institutionen, Parteien und die Rolle der Zivilgesellschaft\u201c.<\/strong> Diversity Netzwerktagung \u201cDiversit\u00e4tsforschung: Von der Rekonstruktion zur Disruption?\u201c, Technical University of Munich, September 12-14 2018, Munich.<\/td><\/tr><tr><td>2018<\/td><td><strong>\u201cDiversity and Participation in Political Processes\u201c.<\/strong> Institute for Comparative Federalism In-House Seminar, Eurac Research, Bozen\/Bolzano, 22\/07\/2018.<\/td><\/tr><tr><td>2018<\/td><td><strong>\u201cEngaged Citizens, Sought-After Voters? Political Participation of Persons with Disabili\u00adties in Germany and Italy\u201c.<\/strong> UACES 48th Annual Conference, September 2-5 2018, Bath.<\/td><\/tr><tr><td>2018<\/td><td><strong>\u201cInklusion und Partizipation von Menschen mit Beeintr\u00e4chtigung in Regionen &#8211; Bayern und S\u00fcdtirol im europ\u00e4ischen Vergleich\u201c.<\/strong> Free University of Bozen\/Bolzano, Bozen\/Bolzano, 18\/05\/2018.<\/td><\/tr><tr><td>2018<\/td><td><strong>\u201cEngaged Citizens, Sought-After Voters? Political Participation of Persons with Disabilities in Germany and Italy\u201c.<\/strong> Euro-Mediterranean Conference on Disability Studies and Disability Activism. May 2-4 2018, Malta.<\/td><\/tr><tr><td>2017<\/td><td><strong>\u201cOvercoming borders: The Europeanization of Civil Society Activism in the &#8216;Refugee Crisis&#8217;\u201c.<\/strong> 11th EISA Pan-European Conference on International Relations, September 13-16 2017, Barcelona.<\/td><\/tr><tr><td>2017<\/td><td><strong>Welfare State Systems and Notions of Solidarity in the &#8216;Refugee Crisis&#8217;: A Comparative Perspective.<\/strong> CES 24th Conference of Europeanists \u201cSustainability and Transformation\u201c, Glasgow, July 10-12 2017.<\/td><\/tr><tr><td>2017<\/td><td><strong>Welfare State Systems and Notions of Solidarity in the &#8216;Refugee Crisis&#8217;: A Comparative Perspective.<\/strong> 22nd ASN Annual World Convention, Columbia University, New York, May 4-6 2017.<\/td><\/tr><tr><td>2016<\/td><td><strong>\u201eLastenverteilung\u201c oder \u201egemeinsame Verpflichtung\u201c?&nbsp; Zivilgesellschaftliche Diskurse und europ\u00e4ische Solidarit\u00e4tskonzepte in der \u201aFl\u00fcchtlingskrise\u2018,<\/strong> Jahrestagung Migrations- und Integrationsforschung der \u00d6sterreichischen Akademie der Wissenschaften, Vienna, September 12-13 2016.<\/td><\/tr><tr><td>2016<\/td><td><strong>\u201cDividing Lines: Zivilgesellschaftliche Akteure als Wegbereiter gesellschaftspolitischer Bruchlinien im Rahmen der &#8216;Fl\u00fcchtlingskrise&#8217;\u201c<\/strong> Sektionssitzung \u201cDie Fl\u00fcchtlingskrise: Zivilgesellschaftliche Akteure in der Problematisierung und Bearbeitung \u00f6ffentlicher Probleme\u201c der Sektion Soziale Probleme und Soziale Kontrolle, \u201cGeschlossene Gesellschaften\u201c &#8211; 38. Kongress der Deutschen Gesellschaft f\u00fcr Soziologie, University of Bamberg, September 26-29 2016.<\/td><\/tr><tr><td>2016<\/td><td><strong>\u201cThe Europeanization of Minority and Disability Rights: A Comparative View\u201c.<\/strong> Disability Studies Conference, Lancaster University, September 6-8 2016.<\/td><\/tr><tr><td>2016<\/td><td><strong>\u201cA &#8216;Common Commitment&#8217;: Civil Society and European Solidarity in the Refugee Crisis\u201c.<\/strong> IPSA 24th World Congress of Political Science \u201cPolitics in a World of Inequality\u201c, Poznan, July 23-28 2016.<\/td><\/tr><tr><td>2016<\/td><td><strong>\u201cBottom-Up Europeanization and Transnational Civil Society Collaboration: Examples from the Refugee Crisis\u201c <\/strong>&amp;<strong> \u201cOtherness as a Prerequisite for Self-Identification: Europeanization and Identity Change Regarding National Minorities\u201c<\/strong> 3rd ISA Forum of Sociology \u201cThe Futures We Want: Global Sociology and the Struggles for a Better World\u201c, Vienna, 10-14 July 2016.<\/td><\/tr><tr><td>2016<\/td><td><strong>\u201cBottom-Up Europeanization and Transnational Civil Society Collaboration: Examples from the Refugee Crisis\u201c <\/strong>&amp;<strong> \u201cEuropeanization and the Regionalization of National Minority Identity\u201c<\/strong> CES 23rd International Conference of Europeanists \u201cResilient Europe?\u201c, Hilton Philadelphia Center City, 14-16 April 2016.<\/td><\/tr><tr><td>2016<\/td><td><strong>\u201cHow Independence Movements Trigger Flexibility in the EU\u201c Jean Monnet Symposium \u201cHow Much Flexibility and Differentiation can European Integration bear?\u201c<\/strong>, European Academy Otzenhausen, 07-10 April 2016.<\/td><\/tr><tr><td>2016<\/td><td><strong>\u201c&#8217;Dividing Lines&#8217;? Civil Society, Public Opinion and Migration Policy in Germany\u201c<\/strong> PSA 66th Annual International Conference \u201cPolitics and the Good Life\u201c, Hilton Brighton Metropole, 21-23 March 2016.<\/td><\/tr><tr><td>2016<\/td><td><strong>\u201cThe Europeanization of Minority and Disability Rights: A Comparative View\u201c<\/strong> 18th International Conference on Disability and Diversity, London, 25-26 February 2016.<\/td><\/tr><tr><td>2015<\/td><td><strong>\u201cThe Securitization of Migration &#8211; the Role of Civil Society\u201c.<\/strong> 9th Pan-European Conference on International Relations, European International Studies Association, Giardini Naxos, 23-26 September 2015.<\/td><\/tr><tr><td>2015<\/td><td><strong>\u201cEuropeanization and the &#8216;Regionalization&#8217; Of National Minority Identity\u201c.<\/strong> Workshop Comparative Approaches to Identity Change: Macro, Meso and Micro Perspectives, ECPR Joint Sessions Of Workshops, Warschau, 29 March &#8211; 2 April 2015.<\/td><\/tr><tr><td>2015<\/td><td><strong>\u201cMinorities and Europeanization &#8211; Developments in &#8216;Old&#8217; and &#8216;New&#8217; Member States\u201c.<\/strong> UACES CRN Centrifugal Europe Annual Research Symposium New Perspectives in European Studies: Europeanisation in the EU and the Neighbourhood, Queen&#8217;s University Belfast, 6-8 March 2015.<\/td><\/tr><tr><td>2015<\/td><td><strong>\u201cOld\u2019 vs. \u2018New\u2019 Minorities \u2013 An Identity-Based Approach to the Distinction Between Autochthonous and Immigrant Minorities\u201c.<\/strong> European Union Studies Association Biennial Conference, Boston, 5-7 March 2015.<\/td><\/tr><tr><td>2015<\/td><td><strong>\u201cOld\u2019 vs. \u2018New\u2019 Minorities \u2013 An Identity-Based Approach to the Distinction Between Autochthonous and Immigrant Minorities\u201c.<\/strong> Workshop Protecting And Including &#8216;New&#8217; and &#8216;Old&#8217; Minorities: Opportunities, Challenges, Synergies. Eurac Research, Bozen\/Bolzano, 27 February 2015.<\/td><\/tr><tr><td>2014<\/td><td><strong>\u201cUnabh\u00e4ngigkeitsbewegungen in der EU. Differenzierte Integration und das &#8216;Europa der Regionen&#8217; als Gegenmodell\u201c.<\/strong> Conference Der Anfang vom Ende? Formen differenzierter Integration und ihre Konsequenzen, Europ\u00e4ische Akademie Berlin, 11-13 December 2014.<\/td><\/tr><tr><td>2014<\/td><td><strong>\u201cThe impact of Europeanization on minority communities in &#8216;old&#8217; member states: Italy and France\u201d.<\/strong> Danish European Community Studies Association Annual Conference, Aarhus, 25-26 September 2014.<\/td><\/tr><tr><td>2014<\/td><td><strong>\u201cThe Roma as an Autochthonous and as an Immigrant Minority: Towards A European Minority Protection Regime?\u201d<\/strong> UACES Annual Conference, Cork, 1-3 September 2014.<\/td><\/tr><tr><td>2014<\/td><td><strong>\u201c&#8217;Old&#8217; and &#8216;New&#8217; Minority, &#8216;old&#8217; and &#8216;new&#8217; states \u2013 Roma integration as an example for transnational minority protection\u201d.<\/strong> ECPR Graduate Student Conference, Innsbruck, 4-6 July 2014.<\/td><\/tr><tr><td>2013<\/td><td><strong>\u201c&#8217;Alte&#8217; und &#8216;neue&#8217; Minderheit, &#8216;alte&#8217; und&#8217; &#8216;neue&#8217; Staaten \u2013 Roma Integration als Beispiel f\u00fcr transnationalen Minderheitenschutz\u201d.<\/strong> Konferenz der deutschen, \u00f6sterreichischen und schweizer Gesellschaften f\u00fcr Politikwissenschaft, Innsbruck, 19-21 September 2013.<\/td><\/tr><tr><td>2013<\/td><td><strong>Collaboration with National Parties as a Prerequisite for Actual Political Representation: The Case of the SVP in the Italian Parliament\u201d.<\/strong> ECPR General Conference, Bordeaux, 4-7 September 2013.<\/td><\/tr><tr><td>2013<\/td><td><strong>\u201cThe Road to Roma Empowerment: A Multi-Level Governance Approach\u201d.<\/strong> Workshop Theoretical Approaches to Roma Empowerment, Budapest, May 28-31 2013.<\/td><\/tr><tr><td>2013<\/td><td><strong>\u201cThe Impact of Internationalization and Norm Transfer on Minority Protection Policies\u201d.<\/strong> ECPR Joint Sessions of Workshops, Mainz, March11-16 2013.<\/td><\/tr><tr><td>2012<\/td><td><strong>\u201cMinority Protection in the EU: A Rationalist Bargaining Approach\u201d.<\/strong> ECPR Graduate Student Conference, Bremen, 04-06 July 2012.<\/td><\/tr><\/tbody><\/table><\/figure>\n\n\n\n<hr class=\"wp-block-separator has-css-opacity\"\/>\n\n\n\n<h4 class=\"wp-block-heading\">Conference Organization<\/h4>\n\n\n\n<p><\/p>\n\n\n<table style=\"border-collapse: collapse; width: 100%;\" border=\"1\">\n<tbody>\n<tr>\n<td style=\"width: 16.16%;\">2021 (with Katrin Roller)<\/td>\n<td style=\"width: 83.68%;\"><strong>&#8220;Apples with Pears? Opportunities for new Comparative Approaches to In\u00adequalities, Mobility and Migration&#8221; <br \/><\/strong>Panel, \u00d6GPW Tag der Politikwissenschaft 2021, 25-26 November 2021, online.<\/td>\n<\/tr>\n<tr>\n<td style=\"width: 16.16%;\">2021<\/td>\n<td style=\"width: 83.68%;\"><strong>&#8220;&#8216;Old&#8217; and &#8216;new&#8217; minorities &#8211; Regional synergies, differences and perspectives&#8221;, <\/strong>Workshop, 04 November 2021, Bolzano\/online.<\/td>\n<\/tr>\n<tr>\n<td style=\"width: 16.16%;\">2021 (with Volker Best)<\/td>\n<td style=\"width: 83.68%;\"><strong>&#8220;Polarization and Democracy\u201c<br \/><\/strong>Panel, DVPW Kongress 2021 &#8220;Politik in Zeiten von Unsicherheit und Autokratisierung\u201c, 14-16 September 2021, online.<\/td>\n<\/tr>\n<tr>\n<td style=\"width: 16.16%;\">2021<\/td>\n<td style=\"width: 83.68%;\"><strong>&#8220;Creating Sustainable Work Environments for Migrants&#8221; <\/strong>(with Katrin Roller). Stream at the EDI Conference 2021, July 12-14 2021.<\/td>\n<\/tr>\n<tr style=\"height: 84px;\">\n<td style=\"width: 16.16%; height: 84px;\" width=\"83\">2020<\/td>\n<td style=\"width: 83.68%; height: 84px;\" width=\"83\"><strong>\u201cDiversit\u00e4t erm\u00f6glichen \u2013 Ungleichheit reduzieren \u2013 Nachhaltigkeit sicherstellen: Herausforderungen und Handlungsans\u00e4tze in Wissenschaft und Governance\u201d.<\/strong> Workshop, Castle Ringberg, Kreuth, January 22-24 2020.<\/td>\n<\/tr>\n<tr style=\"height: 84px;\">\n<td style=\"width: 16.16%; height: 84px;\" width=\"83\">2016<\/td>\n<td style=\"width: 83.68%; height: 84px;\" width=\"83\"><strong>\u201cSozialsysteme und Diversit\u00e4t: Forschungsfelder und Forschungsmethoden im interdisziplin\u00e4ren Vergleich\u201d.<\/strong> Workshop in Cooperation with Prof. Susanne Elsen, Faculty of Education, Free University of Bozen\/Bolzano. Brixen\/Bressanone, September 19-20, 2019.<\/td>\n<\/tr>\n<tr style=\"height: 60px;\">\n<td style=\"width: 16.16%; height: 60px;\" width=\"83\">2014<\/td>\n<td style=\"width: 83.68%; height: 60px;\" width=\"83\"><strong>Diversit\u00e4t als Strukturmerkmal moderner Gesellschaften?<\/strong> Workshop, Castle Ringberg, Kreuth, February 20-22 2019.<\/td>\n<\/tr>\n<tr style=\"height: 84px;\">\n<td style=\"width: 16.16%; height: 84px;\" width=\"83\">2013 \u00a0<\/td>\n<td style=\"width: 83.68%; height: 84px;\" width=\"83\"><strong>2nd South-East African and European Conference on Refugees and Forced Migrants: Health in Diversity, Diversity in Health?<\/strong> (with Eva Nachtschatt) Pwany University, March 12-14 2019, Kilifi (Kenya).<\/td>\n<\/tr>\n<tr style=\"height: 84px;\">\n<td style=\"width: 16.16%; height: 84px;\" width=\"83\">2013<\/td>\n<td style=\"width: 83.68%; height: 84px;\" width=\"83\"><strong>\u201cWem \u2018geh\u00f6rt\u2019 die Teilhabe? Nutzen, Bereitstellung und Verf\u00fcgbarkeit von Teilhabe als Allgemeingut\u201d<\/strong> (with Eva Nachtschatt), Max Planck Institute for Social Law and Social Policy, December 6-7 2018, Munich.<\/td>\n<\/tr>\n<tr style=\"height: 84px;\">\n<td style=\"width: 16.16%; height: 84px;\" width=\"83\">2013<\/td>\n<td style=\"width: 83.68%; height: 84px;\" width=\"83\"><strong>\u201cDiversit\u00e4tsforschung: Von der Rekonstruktion zur Disruption?\u201d<\/strong> Member of the Program Committee for the Congress of Diversity Researchers from Germany, Austria, and Switzerland. Technical University of Munich, September 12-14 2018.<\/td>\n<\/tr>\n<tr style=\"height: 132px;\">\n<td style=\"width: 16.16%; height: 132px;\" width=\"83\">2011 \u2013 2014<\/td>\n<td style=\"width: 83.68%; height: 132px;\" width=\"83\"><strong>\u201cPartizipation und Governance \u2013 Herausforderungen und neue Ans\u00e4tze in Politik, Recht und Praxis\u201d<\/strong> (with Elisabeth Alber), joint Workshop of the Fellow Group \u201eDis[cover]ability and Indicators for Inclusion 2015-2020\u201c at the Max Planck Institute for Social Law and Social Policy, the Chair of Sociology of Diversity at TUM and Eurac Research,\u00a0 September 25-27 2017, Bozen\/Bolzano.<\/td>\n<\/tr>\n<tr style=\"height: 60px;\">\n<td style=\"width: 16.16%; height: 60px;\" width=\"83\">2011<\/td>\n<td style=\"width: 83.68%; height: 60px;\" width=\"83\"><strong>1st South-East-African and European Conference on Refugees and Forced Migrants: Social Care \u2013 Rights \u2013 Mutual Benefits?<\/strong> Pwani University, Kilifi (Kenya), August 2-3 2016.<\/td>\n<\/tr>\n<\/tbody>\n<\/table>\n\n\n<p><\/p>\n","protected":false},"excerpt":{"rendered":"<p>Conference presentations 2023 &#8220;Zum Spannungsverh\u00e4ltnis von Diversit\u00e4t, Partizipation und Gesundheit in l\u00e4ndlichen R\u00e4umen&#8221;. Fachsitzung Lokal-gemeinschaftliche Public-Health-Initiativen in l\u00e4ndlichen R\u00e4umen, Deutscher Kongress f\u00fcr Geographie, 19-23 September 2023, Frankfurt am Main. 2023 \u00a0&#8220;Partizipation als Voraussetzung f\u00fcr eine inklusive Gesellschaft?\u201c, Brixner Philosophietage Wie kann Politik gelingen? Politisches Engagement zwischen Partizipation und Agitation, 08-09 September 2023, Brixen. 2023 &#8220;Social [&hellip;]<\/p>\n","protected":false},"author":2,"featured_media":0,"parent":0,"menu_order":0,"comment_status":"closed","ping_status":"closed","template":"","meta":[],"aioseo_notices":[],"_links":{"self":[{"href":"https:\/\/katharinacrepaz.com\/index.php?rest_route=\/wp\/v2\/pages\/114"}],"collection":[{"href":"https:\/\/katharinacrepaz.com\/index.php?rest_route=\/wp\/v2\/pages"}],"about":[{"href":"https:\/\/katharinacrepaz.com\/index.php?rest_route=\/wp\/v2\/types\/page"}],"author":[{"embeddable":true,"href":"https:\/\/katharinacrepaz.com\/index.php?rest_route=\/wp\/v2\/users\/2"}],"replies":[{"embeddable":true,"href":"https:\/\/katharinacrepaz.com\/index.php?rest_route=%2Fwp%2Fv2%2Fcomments&post=114"}],"version-history":[{"count":49,"href":"https:\/\/katharinacrepaz.com\/index.php?rest_route=\/wp\/v2\/pages\/114\/revisions"}],"predecessor-version":[{"id":1030,"href":"https:\/\/katharinacrepaz.com\/index.php?rest_route=\/wp\/v2\/pages\/114\/revisions\/1030"}],"wp:attachment":[{"href":"https:\/\/katharinacrepaz.com\/index.php?rest_route=%2Fwp%2Fv2%2Fmedia&parent=114"}],"curies":[{"name":"wp","href":"https:\/\/api.w.org\/{rel}","templated":true}]}}