{"id":21,"date":"2015-01-19T20:41:54","date_gmt":"2015-01-19T20:41:54","guid":{"rendered":"http:\/\/katharinacrepaz.com\/?page_id=21"},"modified":"2022-12-14T15:13:28","modified_gmt":"2022-12-14T15:13:28","slug":"publications","status":"publish","type":"page","link":"https:\/\/katharinacrepaz.com\/?page_id=21","title":{"rendered":"Publications"},"content":{"rendered":"\n<figure class=\"wp-block-table\"><table><tbody><tr><td>2022 (with Roberta Medda-Windischer)<\/td><td><strong>&#8220;Fundamental rights and non-EU minorities: from an ambiguous concept<br>to an integrated society?&#8221;<\/strong>, in: Tove H. Malloy and Bal\u00e1zs Vizi (eds.). <a href=\"https:\/\/www.e-elgar.com\/shop\/gbp\/research-handbook-on-minority-politics-in-the-european-union-9781800375925.html\" target=\"_blank\" rel=\"noopener\" title=\"\">Research Handbook on Minority Politics in the European Union<\/a>. Cheltenham: Edward Elgar, 62-83.<\/td><\/tr><tr><td>2022<\/td><td><a href=\"https:\/\/brill.com\/view\/journals\/ymio\/19\/1\/article-p81_5.xml\" target=\"_blank\" rel=\"noopener\" title=\"\">&#8220;Minorities and Health During the Covid-19 Pandemic: Health Inequalities and Discrimination&#8221;<\/a>, in:<br>European Yearbook of Minority Issues, Volume 19 (2020). Leiden: Brill Nijhoff: 82-106.<\/td><\/tr><tr><td>2021<\/td><td><strong><a href=\"https:\/\/doi.org\/10.5281\/zenodo.5656645\" target=\"_blank\" rel=\"noopener\">&#8220;Old&#8221; and &#8220;new&#8221; minorities \u2013 Regional synergies, differences and perspectives.&nbsp;<\/a> &nbsp; &nbsp; <\/strong>Project Report: &#8220;MinMig \u2013 Accommodating Linguistic, Religious and Cultural Diversity Through a Comparative Analysis of Minorities\u2019 and Migrants\u2019 Claims&#8221;, online publication.<\/td><\/tr><tr><td>2021<\/td><td><strong>&#8220;Ensuring Diversity Representation Through Political Participation:<br>A Comparative Case Study on Challenges and Opportunities Regarding<br>the Political Participation of Persons With Disabilities&#8221;, <\/strong>in: Susanne Elsen, Urban Nothdurfter, Claudia Lintner, Andrea Nagy, Laura Trott (Hrsg.). Social Work in a Border Region: 20 Years of Social Work Education at the Free University of Bozen &#8211; Bolzano. Bozen: Bozen-Bolzano University Press, 79-92.<\/td><\/tr><tr><td>2021<\/td><td><strong><a href=\"https:\/\/www.eurac.edu\/en\/blogs\/mobile-people-and-diverse-societies\/exploring-perceptions-and-opinions-of-young-migrants\" target=\"_blank\" rel=\"noopener\">&#8220;Young migrants in Euregio: identity through a blend of languages&#8221;<\/a>.<\/strong> Eurac Research Blog <em>Mobile People and Diverse Societies<\/em>, 20\/10\/2021.<\/td><\/tr><tr><td>2021 (with Susanne Elsen)<\/td><td><strong>&#8220;Soziale Innovation, Transformation und Empowerment w\u00e4hrend der Covid-19 Krise&#8221;. <\/strong>in: Elisabeth Alber, Alice Engl, G\u00fcnther Pallaver (Hrsg.) Politika: S\u00fcdtiroler Jahrbuch f\u00fcr Politik 2021. Bozen: Raetia, 113-131.<strong><br><\/strong><\/td><\/tr><tr><td>2021<\/td><td><strong>&#8220;Europ\u00e4ische Zivilgesellschaft und Migrationspolitik: Soziale Medien als Partizipations- und Vernetzungsforen\u201c, <\/strong>in: Hilpold, Peter; Raffeiner, Andreas; Steinmair, Walter (Hrsg.). Rechtsstaatlichkeit, Grundrechte und Solidarit\u00e4t in \u00d6sterreich und in Europa. Wien: Facultas, 190-199.<strong><br><\/strong><\/td><\/tr><tr><td>2020<\/td><td><strong>&#8220;<a href=\"https:\/\/doi.org\/10.1080\/1369183X.2020.1851471\" target=\"_blank\" rel=\"noopener\">Overcoming Borders: The Europeanization of Civil Society Activism in the \u2018Refugee Crisis<\/a>\u2019&#8221;<\/strong> in: <em>Journal of Ethnic and Migration Studies,<\/em> Special Issue &#8220;The Spiraling of the Securitization of Migration in the EU&#8221;, Vol. 46\/2020, 1-15.<\/td><\/tr><tr><td>2020<\/td><td><strong>&#8220;Territorialisierung und Selbst-Identifikation nationaler Minderheiten im europ\u00e4ischen Vergleich&#8221; <\/strong>in: Hug, Theo; Maurer, Andreas; Walli, Thomas (Hrsg). <em>Crossing Borders &#8211; Passaggi di confine &#8211; Grenzg\u00e4nge. Festschrift f\u00fcr G\u00fcnther Pallaver.<\/em> Innsbruck: University Press, 73-83.<strong><br><\/strong><\/td><\/tr><tr><td>2020<\/td><td><strong>&#8220;The Minority Safepack Initiative: A European Participatory Process Supporting Cultural Diversity&#8221;<\/strong> in: E<em>uropean Yearbook of Minority Issues<\/em>, Vol. 17\/2018, 23-47. Leiden: Brill Nijhoff.<\/td><\/tr><tr><td>2020<\/td><td><strong>&#8220;<a href=\"https:\/\/blogs.eurac.edu\/covid-19\/mobility-and-health\/\" target=\"_blank\" rel=\"noopener\">Re-examining the perspectives of health and mobility&#8221;. <\/a><\/strong>Eurac Research Blog <em>\u201cCovid-19 And Beyond How we can reboot the world after the pandemic<\/em>\u201d. 29\/04\/2020.<\/td><\/tr><tr><td>2020 (with Elisabeth Wacker and Ulrich Becker)<\/td><td><strong>Health in Diversity, Diversity in Health &#8211; (Forced) Migration, Social Diversification and Health<\/strong> <strong>in a Changing World.<\/strong>&nbsp;Wiesbaden: Springer VS.<\/td><\/tr><tr><td>2020<\/td><td><strong>&#8220;Perspectives on the Nexus between (Forced) Migration and Health in Increasingly Heterogeneous Societies&#8221;<\/strong> in: Crepaz, Katharina; Becker, Ulrich; Wacker, Elisabeth (eds.) <em>Health in Diversity, Diversity in Health &#8211; (Forced) Migration, Social Diversification and Health in a Changing World<\/em>. Wiesbaden: Springer VS, 1-10.<\/td><\/tr><tr><td>2020 (with Susanne Elsen)<\/td><td><strong>&#8220;Empowerment of female migrants through self-organized network structures in Bavaria \u2013 a best-practice model for South Tyrol?&#8221;<\/strong> in: <em>Soziales Kapital<\/em> 23.<\/td><\/tr><tr><td>2019<\/td><td><strong>&#8220;Europeanization and the \u2018Regionalization\u2019 of National Minority Identity&#8221;<\/strong> in: <em>Journal on Ethnopolitics and Minority Issues in Europe<\/em> 18(3), 1-18.<\/td><\/tr><tr><td>2019<\/td><td><strong>\u201cBook Review: Extending Protection to Migrant Populations in Europe: Old and New Minorities. Edited by Roberta Medda-Windischer, Caitlin Boulter and Tove H. Malloy\u201d<\/strong> in: <em>Journal on Ethnopolitics and Minority Issues in Europe<\/em> 18(3), 53-57.<\/td><\/tr><tr><td>2019<\/td><td><strong>&#8220;Political Participation as a Fundamental Right: Persons with Disabilities in Germany and the EU Elections&#8221;<\/strong> <em>EUreka! A blog on all things EU and on the European Parliament elections<\/em>, Eurac Research, 28\/05\/2019. https:\/\/bit.ly\/2KLpArh<\/td><\/tr><tr><td>2019<\/td><td><strong>&#8220;Die Bayerischen Landtagswahlen 2018 \u2013 Zwischen Kreuzpflicht und Gr\u00fcnen-Boom.&#8221;<\/strong> in: G\u00fcnther Pallaver, Elisabeth Alber &amp; Alice Engl (eds.) (2019). <em>Politika &#8211; S\u00fcdtiroler Jahrbuch f\u00fcr Politik 2019.<\/em> Bozen: Raetia. 295-313.<\/td><\/tr><tr><td>2019 (with Elisabeth Wacker)<\/td><td><strong>&#8220;Introduction &#8211; Working Together to See Further: European and African Perspectives on Refugees and Forced Migrants Compared&#8221;<\/strong>&nbsp; in: Elisabeth Wacker, Ulrich Becker, Katharina Crepaz (eds.) <em>Refugees and Forced Migrants in Africa and the EU: Comparative and Multidisciplinary Perspectives on Challenges and Solutions<\/em>. Wiesbaden: Springer VS, 1-9.<\/td><\/tr><tr><td>2019 (with Elisabeth Wacker and Ulrich Becker)<\/td><td><strong>Refugees and Forced Migrants in Africa and the EU: Comparative and Multidisciplinary Perspectives on Challenges and Solutions.<\/strong> Wiesbaden: Springer VS, 1-9.<\/td><\/tr><tr><td>2018<\/td><td><strong>&#8220;Between Consolidated Autonomy and Separatist Claims: a European Perspective on Present-Day South Tyrol&#8221;<\/strong> in: <em>Journal on Ethnopolitics and Minority Issues in Europe.<\/em>&nbsp;Special Issue: Separatist Movements in Europe, 17(3), 67-86.<\/td><\/tr><tr><td>2018<\/td><td><strong>&#8220;A Common Commitment: Civil Society and European Solidarity in the&nbsp; &#8216;Refugee Crisis'&#8221;<\/strong> in: Nevena Nancheva and Timofey Agarin (eds.) <em>A European Crisis: Perspectives on Refugees in Europe<\/em>. Hannover: Ibidem, 29-49.<\/td><\/tr><tr><td>2017 (with Laura Dobusch)<\/td><td><strong>&#8220;Migration als Herausforderung und Chance f\u00fcr das deutsche Gesundheitswesen: Zur Abkehr vom \u201aNorm(al)patienten&#8221;<\/strong> in: <em>Zeitschrift f\u00fcr F\u00fchrung und Personalmanagement in der Gesundheitswirtschaft<\/em>, 3(2), 12-18.<\/td><\/tr><tr><td>2017<\/td><td><strong>&#8220;Europ\u00e4isierung &#8216;Top-Down&#8217; und &#8216;Bottom-Up&#8217; und ihr Einfluss auf Minderheiten im komparativen Blickwinkel&#8221;<\/strong> in: <em>\u00d6ZP &#8211; Austrian Journal of Political Science<\/em>, 46(2), 27-39.<\/td><\/tr><tr><td>2017<\/td><td><strong>&#8220;How Independence Movements Trigger Flexibility in the EU\u201d<\/strong> in: Thomas Giegerich (ed.) <em>Flexibility in the EU and Beyond &#8211; How Much Differentiation can European Integration Bear?<\/em> Baden-Baden: Nomos, 161-182.<\/td><\/tr><tr><td>2016<\/td><td><strong>&#8220;&#8216;Europe of the Regions&#8217;: An Approach to Counter Separatist Tendencies?&#8221;<\/strong>&nbsp; in <em>L&#8217;Europe en Formation<\/em>, 2016\/1 (No. 379), 24-39.<\/td><\/tr><tr><td>2016<\/td><td><strong>&#8220;&#8216;Old&#8217; vs. &#8216;New&#8217; Minorities: An identity-based Approach to the Distinction between Autochthonous and Immigrant Minorities&#8221;<\/strong> in: Migration Letters, Vol. 13, No. 2, 203-213.<\/td><\/tr><tr><td>2016<\/td><td><strong>&#8220;The Impact of Europeanization on Minority Communities&#8221;<\/strong> Wiesbaden: Springer VS.<\/td><\/tr><tr><td>2016<\/td><td><strong>&#8220;Europeanization and New Opportunities for the Participation of Minorities&#8221;<\/strong> in: Annemarie Profanter (ed.) <em>Kulturen im Dialog IV \/ Culture in Dialogo IV \/ Cultures in Dialogue IV<\/em>. Wien: Peter Lang Verlag, 59-70.<\/td><\/tr><tr><td>2015<\/td><td>Review of: Hofmann, Rainer; Angst, Doris; Lantschner, Emma;&nbsp; Rautz, G\u00fcnther; Rein, Detlev (2015). <strong>Rahmen\u00fcbereinkommen zum Schutz nationaler Minderheiten: Handkommentar<\/strong>&nbsp; in:<em> Politika \u2013 S\u00fcdtiroler Jahrbuch f\u00fcr Politikwissenschaft 2016<\/em>. Baden-Baden: Nomos, 357-360.<\/td><\/tr><tr><td>2015<\/td><td><strong>&#8220;Zweidimensionale Europ\u00e4isierungsprozesse und ihr Einfluss auf Minderheiten in &#8216;alten&#8217; und &#8216;neuen&#8217; EU-Mitgliedsstaaten&#8221;<\/strong> in: G\u00fcnther Pallaver (ed.) <em>Politika &#8211; Das S\u00fcdtiroler Jahrbuch f\u00fcr Politik 2015<\/em>.&nbsp; Baden-Baden: Nomos, 395-420.<\/td><\/tr><tr><td>2015<\/td><td><strong>&#8220;Unabh\u00e4ngigkeitsbewegungen in der EU: Differenzierte Integration und das &#8216;Europa der Regionen&#8217; als Gegenmodell&#8221;<\/strong> in: Eckart D. Stratenschulte (ed.) <em>Der Anfang vom Ende? Formen Differenzierter Integration und ihre Konsequenzen<\/em>. Schriftenreihe des Arbeitskreises Europ\u00e4ische Integration.&nbsp; Baden-Baden: Nomos, 217-236.<\/td><\/tr><tr><td>2014<\/td><td><strong>\u201cThe impact of Europeanization on minority communities in &#8216;old&#8217; member states: Italy and France\u201c <\/strong>in:&nbsp;J<em>ournal on Ethnopolitics and Minority Issues in Europe<\/em>&nbsp; Special Issue on Europeanization, 13(3), 73-93. http:\/\/tinyurl.com\/kjnr2fg<\/td><\/tr><tr><td>2014<\/td><td><strong>\u201c&#8217;Alte&#8217; und &#8216;neue&#8217; Minderheit, &#8216;alte&#8217; und&#8217; &#8216;neue&#8217; Staaten \u2013 Roma Integration als&nbsp; Beispiel f\u00fcr transnationalen Minderheitenschutz\u201d<\/strong> in: Karin Schnebel &amp; Guido Schwellnus (eds.) <em>Europ\u00e4ische Minderheiten im Dilemma zwischen Selbstbestimmung und Integration.<\/em> Wiesbaden: Springer VS. 411-451.<\/td><\/tr><tr><td>2014<\/td><td><strong>\u201cRoma Empowerment: A Multi-Level Governance Approach\u201d<\/strong> in: Timofey Agarin (ed.) <em>When Stereotype Meets Prejudice: Antiziganism in European Societies<\/em>. Hannover: Ibidem, 93-119.<\/td><\/tr><tr><td>2012<\/td><td><strong>\u201cMinority Protection in the EU: A Rationalist Bargaining Approach\u201d<\/strong> in: <em>Conference Volume, 7th International Conference on European Integration<\/em>, University American College Skopje. Skopje: Friedrich Ebert Verlag.<\/td><\/tr><\/tbody><\/table><\/figure>\n","protected":false},"excerpt":{"rendered":"<p>2022 (with Roberta Medda-Windischer) &#8220;Fundamental rights and non-EU minorities: from an ambiguous conceptto an integrated society?&#8221;, in: Tove H. Malloy and Bal\u00e1zs Vizi (eds.). Research Handbook on Minority Politics in the European Union. Cheltenham: Edward Elgar, 62-83. 2022 &#8220;Minorities and Health During the Covid-19 Pandemic: Health Inequalities and Discrimination&#8221;, in:European Yearbook of Minority Issues, Volume [&hellip;]<\/p>\n","protected":false},"author":2,"featured_media":0,"parent":0,"menu_order":0,"comment_status":"closed","ping_status":"closed","template":"","meta":[],"aioseo_notices":[],"_links":{"self":[{"href":"https:\/\/katharinacrepaz.com\/index.php?rest_route=\/wp\/v2\/pages\/21"}],"collection":[{"href":"https:\/\/katharinacrepaz.com\/index.php?rest_route=\/wp\/v2\/pages"}],"about":[{"href":"https:\/\/katharinacrepaz.com\/index.php?rest_route=\/wp\/v2\/types\/page"}],"author":[{"embeddable":true,"href":"https:\/\/katharinacrepaz.com\/index.php?rest_route=\/wp\/v2\/users\/2"}],"replies":[{"embeddable":true,"href":"https:\/\/katharinacrepaz.com\/index.php?rest_route=%2Fwp%2Fv2%2Fcomments&post=21"}],"version-history":[{"count":32,"href":"https:\/\/katharinacrepaz.com\/index.php?rest_route=\/wp\/v2\/pages\/21\/revisions"}],"predecessor-version":[{"id":994,"href":"https:\/\/katharinacrepaz.com\/index.php?rest_route=\/wp\/v2\/pages\/21\/revisions\/994"}],"wp:attachment":[{"href":"https:\/\/katharinacrepaz.com\/index.php?rest_route=%2Fwp%2Fv2%2Fmedia&parent=21"}],"curies":[{"name":"wp","href":"https:\/\/api.w.org\/{rel}","templated":true}]}}